{"id":59795,"date":"2023-11-09T17:54:59","date_gmt":"2023-11-09T16:54:59","guid":{"rendered":"https:\/\/www.santpol.edu.es\/?page_id=59795"},"modified":"2023-11-09T17:55:00","modified_gmt":"2023-11-09T16:55:00","slug":"8-sortides-professionals-mes-enlla-de-lhoteleria","status":"publish","type":"page","link":"https:\/\/www.santpol.edu.es\/ca\/8-sortides-professionals-mes-enlla-de-lhotel\/","title":{"rendered":"8 Sortides Professionals m\u00e9s enll\u00e0 de l&#8217;Hoteleria"},"content":{"rendered":"<p>[vc_row][vc_column][vc_column_text]Quan pensem en estudiar Direcci\u00f3 Hotelera, \u00e9s habitual visualitzar carreres professionals en cadenes hoteleres, restaurants o altres negocis d&#8217;allotjament i gastron\u00f2mics. Els graduats en aquest camp estan perfectament preparats per liderar i garantir experi\u00e8ncies excepcionals per a clients i comensals. Des del control operatiu fins a la gesti\u00f3 estrat\u00e8gica, <a href=\"https:\/\/santpol.edu.es\/ca\/blog\/els-principals-carrecs-directius-hotel\/\"><strong>la via tradicional<\/strong><\/a> ofereix un m\u00f3n de possibilitats per a aquells apassionats dels hotels.<\/p>\n<p>Tot i que aquest itinerari \u00e9s sens dubte la sortida professional m\u00e9s evident, la versatilitat que ofereix una formaci\u00f3 en aquest camp va m\u00e9s enll\u00e0 de les possibilitats cl\u00e0ssiques. En aquest article descobrirem les<strong> diverses oportunitats laborals alternatives que ofereix estudiar direcci\u00f3 hotelera<\/strong>, des de la direcci\u00f3 de centres de fitness fins a la gesti\u00f3 d&#8217;esdeveniments corporatius.[\/vc_column_text][vc_column_text]<\/p>\n<h4><strong>Explorant Nous Horitzons<\/strong><\/h4>\n<h3><strong>1. Direcci\u00f3 de centres de fitness i benestar<\/strong><\/h3>\n<p>L&#8217;auge de la industria del benestar ha portat a un augment de la demanda de professionals capa\u00e7os de gestionar centres de <em>fitness<\/em> i balnearis. Aqu\u00ed, els coneixements en gesti\u00f3 d&#8217;operacions i atenci\u00f3 al client adquirits en un grau de <em>hospitality<\/em> s\u00f3n inavaluables. Amb la creixent conscienciaci\u00f3 sobre la salut i el benestar, cada vegada hi ha m\u00e9s ofertes d\u2019esbarjo enfocades a aquests temes i, de retruc, s\u2019ha convertit en una opci\u00f3 amb un alt potencial laboral.<\/p>\n<h3><strong>2. Gesti\u00f3 de centres comercials i entreteniment<\/strong><\/h3>\n<p>Els centres comercials moderns no s\u00f3n nom\u00e9s destins on fer les compres, sin\u00f3 que tamb\u00e9 son <strong>espais on s\u2019ofereixen experi\u00e8ncies completes<\/strong>. \u00c9s per aix\u00f2 que els professionals en direcci\u00f3 hotelera tamb\u00e9 s\u00f3n ideals per liderar aquestes instal\u00b7lacions, ja que s&#8217;asseguren que el client passi una estona excepcional amb moltes ofertes d\u2019entreteniment. Un bon gestor ha de tenir en compte el <strong>control de processos i operacions i coordinar els serveis <\/strong>amb una perspectiva hol\u00edstica del servei al client. Plantejar idees i solucions que millorin l&#8217;experi\u00e8ncia del visitant \u00e9s el valor afegit que un graduat en direcci\u00f3 hotelera pot aportar en aquest \u00e0mbit.[\/vc_column_text][vc_single_image image=&#8221;59789&#8243; img_size=&#8221;720&#215;480&#8243;][vc_column_text]<\/p>\n<h3><strong>3. <\/strong><strong>Direcci\u00f3 de parcs d&#8217;atraccions<\/strong><\/h3>\n<p>El sector dels parcs tem\u00e0tics \u00e9s un altre exemple on l&#8217;atenci\u00f3 al client es troba en el focus principal. Saber <strong>indicar i comunicar als visitants<\/strong>, <strong>gestionar m\u00faltiples \u00e0rees<\/strong> i departaments o portar un <strong>registre de la gran quantitat de processos log\u00edstics<\/strong> requereix una formaci\u00f3 estrat\u00e8gica i un coneixement especialitzat en el tracte amb el client que la direcci\u00f3 hotelera pot proporcionar. I \u00e9s que es poden transferir habilitats i aprenentatges t\u00edpics de la hoteleria com ara la gesti\u00f3 d&#8217;experi\u00e8ncies \u00faniques, la coordinaci\u00f3 amb altres \u00e0rees, el desenvolupament d&#8217;estrat\u00e8gies innovadores o l&#8217;adaptaci\u00f3 a les tend\u00e8ncies del mercat.<\/p>\n<h3><strong>4. Direcci\u00f3 d&#8217;edificis d&#8217;oficines i serveis<\/strong><\/h3>\n<p>La gesti\u00f3 d&#8217;edificis d&#8217;oficines i serveis \u00e9s una altra \u00e0rea on les habilitats d\u2019hoteleria s\u00f3n molt valorades. La capacitat per <strong>crear entorns acollidors i eficients \u00e9s essencial<\/strong>. Des de la gesti\u00f3 d\u00b4instal\u00b7lacions fins a la coordinaci\u00f3 d\u00b4esdeveniments corporatius, aquest camp ofereix moltes oportunitats, especialment interessants per a aquells que tenen una visi\u00f3 integral de la gesti\u00f3.[\/vc_column_text][vc_single_image image=&#8221;59771&#8243; img_size=&#8221;720&#215;480&#8243;][vc_column_text]<\/p>\n<h3><strong>5. Organitzaci\u00f3 d&#8217;esdeveniments corporatius i confer\u00e8ncies<\/strong><\/h3>\n<p>La capacitat per organitzar esdeveniments excepcionals \u00e9s una habilitat que es perfecciona formant-se en la Direcci\u00f3 Hotelera. Des de <strong>confer\u00e8ncies corporatives i congressos cient\u00edfics<\/strong> fins a esdeveniments de llan\u00e7ament de productes, els graduats en aquest camp s\u00f3n <strong>experts en la log\u00edstica, l\u2019atenci\u00f3 al detall i la creaci\u00f3 d\u2019experi\u00e8ncies<\/strong> positives. La gesti\u00f3 d\u00b4esdeveniments \u00e9s una sortida professional en creixement que engloba una \u00e0mplia varietat de sectors.<\/p>\n<h3><strong>6. Direcci\u00f3 de franqu\u00edcies de restauraci\u00f3<\/strong><\/h3>\n<p>Si et converteixes en gerent d&#8217;una franqu\u00edcia de restaurant et convertir\u00e0s en l&#8217;arquitecte de l&#8217;experi\u00e8ncia culin\u00e0ria i operativa. Coordinar\u00e0s un equip perqu\u00e8 cada producte surti de manera eficient. Aquest \u00e9s especialment el cas de la ind\u00fastria de les cadenes de menjar r\u00e0pid, on les <strong>operacions i els processos es supervisen fins al m\u00ednim detall<\/strong> i els responsables han d&#8217;estar atents durant tot el flux de treball. Les seves habilitats inclouen la capacitat de negociar amb els prove\u00efdors i resoldre qualsevol repte a la cuina amb una actitud positiva. <strong>Optimitzar les operacions, gestionar el personal i mantenir uns alts est\u00e0ndards de servei <\/strong>s\u00f3n compet\u00e8ncies transferibles que fan que els graduats en Gesti\u00f3 Hotelera destaquin en aquest sector.[\/vc_column_text][vc_single_image image=&#8221;59786&#8243; img_size=&#8221;720&#215;480&#8243;][vc_column_text]<\/p>\n<h3><strong>7. Consultoria en experi\u00e8ncia del client<\/strong><\/h3>\n<p>Des de proposar millores en serveis fins a desenvolupar programes que fomentin la fidelitat, la tasca d&#8217;un consultor \u00e9s assegurar que cada interacci\u00f3 sigui excepcional. <strong>Treballes amb dades per dissenyar estrat\u00e8gies eficients<\/strong>, inspirar canvis i, sobretot, garantir que cada client se senti \u00fanic. Amb una s\u00f2lida formaci\u00f3 en atenci\u00f3 al client i gesti\u00f3 d&#8217;operacions, <strong>els graduats en hoteleria estan molt demandats com a consultors<\/strong> en experi\u00e8ncia del client, degut al seu bagatge acumulat. Hi ha moltes empreses de diverses ind\u00fastries que valoren aquesta capacitat per millorar la interacci\u00f3 amb els clients i per crear experi\u00e8ncies excepcionals que fomentin la fidelitzaci\u00f3 del consumidor.<\/p>\n<h3><strong>8. Direcci\u00f3 de creuers<\/strong><\/h3>\n<p>Si b\u00e9 un creuer no deixa de ser un hotel en moviment, aquesta no sol ser una sortida habitual que es contempla quan es decideix estudiar direcci\u00f3 hotelera. El cert, per\u00f2 \u00e9s que \u00e9s un dest\u00ed molt habitual, ja que totes les <strong>posicions directives que podem trobar en la plantilla d&#8217;un resort tur\u00edstic t\u00edpic, tamb\u00e9 es troben aqu\u00ed<\/strong>: <em>room service<\/em>, <em>guest experience<\/em>, direcci\u00f3 d&#8217;operacions, direcci\u00f3 de cuina, <em>food&amp;beverage<\/em>, direcci\u00f3 d&#8217;esdeveniments, etc. A tots ells, cal afegir-hi <strong>aspectes propis de la gesti\u00f3 portu\u00e0ria o naviliera,<\/strong> que s\u00f3n idiosincr\u00e0tics de la direcci\u00f3 de creuers.[\/vc_column_text][vc_single_image image=&#8221;59792&#8243; img_size=&#8221;720&#215;480&#8243;][vc_column_text]Si voleu explorar aquestes oportunitats i m\u00e9s, descobriu els nostres programes acad\u00e8mics en hoteleria: el <a href=\"https:\/\/santpol.edu.es\/ca\/grau-universitari-en-gestio-hotelera-i-turistica\/\"><strong>Grau Universitari Oficial en Direcci\u00f3 d&#8217;Empreses Hoteleres i Gastron\u00f2miques<\/strong><\/a> i el <a href=\"https:\/\/santpol.edu.es\/ca\/master-in-hospitality-management\/\"><strong>Master in Hospitality Management<\/strong><\/a>. El teu viatge cap a una carrera emocionant al m\u00f3n de l&#8217;hospitalitat comen\u00e7a aqu\u00ed.<\/p>\n<p>A punt per fer el seg\u00fcent pas? Descobreix m\u00e9s sobre les nostres ofertes acad\u00e8miques i d\u00f3na forma a la teva futura carrera en Direcci\u00f3 Hotelera![\/vc_column_text][vc_btn title=&#8221;Descubre nuestros programas&#8221; color=&#8221;green&#8221; align=&#8221;center&#8221; link=&#8221;url:https%3A%2F%2Fsantpol.edu.es%2Fca%2Foferta-academica%2F&#8221;][\/vc_column][\/vc_row]<\/p>\n","protected":false},"excerpt":{"rendered":"<p>[vc_row][vc_column][vc_column_text]Quan pensem en estudiar Direcci\u00f3 Hotelera, \u00e9s habitual visualitzar carreres professionals en cadenes hoteleres, restaurants o altres negocis d&#8217;allotjament i gastron\u00f2mics. Els graduats en aquest camp<span class=\"excerpt-hellip\"> [\u2026]<\/span><\/p>\n","protected":false},"author":1,"featured_media":59768,"parent":0,"menu_order":0,"comment_status":"closed","ping_status":"closed","template":"","meta":{"footnotes":""},"class_list":["post-59795","page","type-page","status-publish","has-post-thumbnail","hentry"],"yoast_head":"<!-- This site is optimized with the Yoast SEO plugin v25.8 - https:\/\/yoast.com\/wordpress\/plugins\/seo\/ -->\n<title>8 Sortides Professionals m\u00e9s enll\u00e0 de l&#039;Hoteleria - EUHT StPOL<\/title>\n<meta name=\"robots\" content=\"index, follow, max-snippet:-1, max-image-preview:large, max-video-preview:-1\" \/>\n<link rel=\"canonical\" href=\"https:\/\/www.santpol.edu.es\/ca\/8-sortides-professionals-mes-enlla-de-lhotel\/\" \/>\n<meta property=\"og:locale\" content=\"ca_ES\" \/>\n<meta property=\"og:type\" content=\"article\" \/>\n<meta property=\"og:title\" content=\"8 Sortides Professionals m\u00e9s enll\u00e0 de l&#039;Hoteleria - EUHT StPOL\" \/>\n<meta property=\"og:description\" content=\"[vc_row][vc_column][vc_column_text]Quan pensem en estudiar Direcci\u00f3 Hotelera, \u00e9s habitual visualitzar carreres professionals en cadenes hoteleres, restaurants o altres negocis d&#8217;allotjament i gastron\u00f2mics. Els graduats en aquest camp [\u2026]\" \/>\n<meta property=\"og:url\" content=\"https:\/\/www.santpol.edu.es\/ca\/8-sortides-professionals-mes-enlla-de-lhotel\/\" \/>\n<meta property=\"og:site_name\" content=\"EUHT StPOL\" \/>\n<meta property=\"article:publisher\" content=\"https:\/\/www.facebook.com\/EUHTStPOL\" \/>\n<meta property=\"article:modified_time\" content=\"2023-11-09T16:55:00+00:00\" \/>\n<meta property=\"og:image\" content=\"https:\/\/www.santpol.edu.es\/wp-content\/uploads\/2023\/11\/4.jpg\" \/>\n\t<meta property=\"og:image:width\" content=\"1500\" \/>\n\t<meta property=\"og:image:height\" content=\"1080\" \/>\n\t<meta property=\"og:image:type\" content=\"image\/jpeg\" \/>\n<meta name=\"twitter:card\" content=\"summary_large_image\" \/>\n<meta name=\"twitter:site\" content=\"@euhtstpol\" \/>\n<meta name=\"twitter:label1\" content=\"Temps estimat de lectura\" \/>\n\t<meta name=\"twitter:data1\" content=\"6 minuts\" \/>\n<script type=\"application\/ld+json\" class=\"yoast-schema-graph\">{\"@context\":\"https:\/\/schema.org\",\"@graph\":[{\"@type\":\"WebPage\",\"@id\":\"https:\/\/www.santpol.edu.es\/ca\/8-sortides-professionals-mes-enlla-de-lhotel\/\",\"url\":\"https:\/\/www.santpol.edu.es\/ca\/8-sortides-professionals-mes-enlla-de-lhotel\/\",\"name\":\"8 Sortides Professionals m\u00e9s enll\u00e0 de l'Hoteleria - EUHT StPOL\",\"isPartOf\":{\"@id\":\"https:\/\/www.santpol.edu.es\/#website\"},\"primaryImageOfPage\":{\"@id\":\"https:\/\/www.santpol.edu.es\/ca\/8-sortides-professionals-mes-enlla-de-lhotel\/#primaryimage\"},\"image\":{\"@id\":\"https:\/\/www.santpol.edu.es\/ca\/8-sortides-professionals-mes-enlla-de-lhotel\/#primaryimage\"},\"thumbnailUrl\":\"https:\/\/www.santpol.edu.es\/wp-content\/uploads\/2023\/11\/4.jpg\",\"datePublished\":\"2023-11-09T16:54:59+00:00\",\"dateModified\":\"2023-11-09T16:55:00+00:00\",\"inLanguage\":\"ca\",\"potentialAction\":[{\"@type\":\"ReadAction\",\"target\":[\"https:\/\/www.santpol.edu.es\/ca\/8-sortides-professionals-mes-enlla-de-lhotel\/\"]}]},{\"@type\":\"ImageObject\",\"inLanguage\":\"ca\",\"@id\":\"https:\/\/www.santpol.edu.es\/ca\/8-sortides-professionals-mes-enlla-de-lhotel\/#primaryimage\",\"url\":\"https:\/\/www.santpol.edu.es\/wp-content\/uploads\/2023\/11\/4.jpg\",\"contentUrl\":\"https:\/\/www.santpol.edu.es\/wp-content\/uploads\/2023\/11\/4.jpg\",\"width\":1500,\"height\":1080},{\"@type\":\"WebSite\",\"@id\":\"https:\/\/www.santpol.edu.es\/#website\",\"url\":\"https:\/\/www.santpol.edu.es\/\",\"name\":\"EUHT StPOL\",\"description\":\"Escuela Universitaria de Hoteler\u00eda y Turismo\",\"publisher\":{\"@id\":\"https:\/\/www.santpol.edu.es\/#organization\"},\"potentialAction\":[{\"@type\":\"SearchAction\",\"target\":{\"@type\":\"EntryPoint\",\"urlTemplate\":\"https:\/\/www.santpol.edu.es\/?s={search_term_string}\"},\"query-input\":{\"@type\":\"PropertyValueSpecification\",\"valueRequired\":true,\"valueName\":\"search_term_string\"}}],\"inLanguage\":\"ca\"},{\"@type\":\"Organization\",\"@id\":\"https:\/\/www.santpol.edu.es\/#organization\",\"name\":\"EUHT StPOL\",\"url\":\"https:\/\/www.santpol.edu.es\/\",\"logo\":{\"@type\":\"ImageObject\",\"inLanguage\":\"ca\",\"@id\":\"https:\/\/www.santpol.edu.es\/#\/schema\/logo\/image\/\",\"url\":\"https:\/\/santpol.edu.es\/wp-content\/uploads\/2019\/09\/logoweb-santpol.jpg\",\"contentUrl\":\"https:\/\/santpol.edu.es\/wp-content\/uploads\/2019\/09\/logoweb-santpol.jpg\",\"width\":324,\"height\":81,\"caption\":\"EUHT StPOL\"},\"image\":{\"@id\":\"https:\/\/www.santpol.edu.es\/#\/schema\/logo\/image\/\"},\"sameAs\":[\"https:\/\/www.facebook.com\/EUHTStPOL\",\"https:\/\/x.com\/euhtstpol\",\"https:\/\/www.instagram.com\/euhtstpol\/\",\"https:\/\/www.linkedin.com\/school\/euhtstpol-barcelona\/mycompany\/\",\"https:\/\/es.pinterest.com\/euhtstpol\/\",\"https:\/\/www.youtube.com\/user\/EUHTStPOL1\"]}]}<\/script>\n<!-- \/ Yoast SEO plugin. -->","yoast_head_json":{"title":"8 Sortides Professionals m\u00e9s enll\u00e0 de l'Hoteleria - EUHT StPOL","robots":{"index":"index","follow":"follow","max-snippet":"max-snippet:-1","max-image-preview":"max-image-preview:large","max-video-preview":"max-video-preview:-1"},"canonical":"https:\/\/www.santpol.edu.es\/ca\/8-sortides-professionals-mes-enlla-de-lhotel\/","og_locale":"ca_ES","og_type":"article","og_title":"8 Sortides Professionals m\u00e9s enll\u00e0 de l'Hoteleria - EUHT StPOL","og_description":"[vc_row][vc_column][vc_column_text]Quan pensem en estudiar Direcci\u00f3 Hotelera, \u00e9s habitual visualitzar carreres professionals en cadenes hoteleres, restaurants o altres negocis d&#8217;allotjament i gastron\u00f2mics. Els graduats en aquest camp [\u2026]","og_url":"https:\/\/www.santpol.edu.es\/ca\/8-sortides-professionals-mes-enlla-de-lhotel\/","og_site_name":"EUHT StPOL","article_publisher":"https:\/\/www.facebook.com\/EUHTStPOL","article_modified_time":"2023-11-09T16:55:00+00:00","og_image":[{"width":1500,"height":1080,"url":"https:\/\/www.santpol.edu.es\/wp-content\/uploads\/2023\/11\/4.jpg","type":"image\/jpeg"}],"twitter_card":"summary_large_image","twitter_site":"@euhtstpol","twitter_misc":{"Temps estimat de lectura":"6 minuts"},"schema":{"@context":"https:\/\/schema.org","@graph":[{"@type":"WebPage","@id":"https:\/\/www.santpol.edu.es\/ca\/8-sortides-professionals-mes-enlla-de-lhotel\/","url":"https:\/\/www.santpol.edu.es\/ca\/8-sortides-professionals-mes-enlla-de-lhotel\/","name":"8 Sortides Professionals m\u00e9s enll\u00e0 de l'Hoteleria - EUHT StPOL","isPartOf":{"@id":"https:\/\/www.santpol.edu.es\/#website"},"primaryImageOfPage":{"@id":"https:\/\/www.santpol.edu.es\/ca\/8-sortides-professionals-mes-enlla-de-lhotel\/#primaryimage"},"image":{"@id":"https:\/\/www.santpol.edu.es\/ca\/8-sortides-professionals-mes-enlla-de-lhotel\/#primaryimage"},"thumbnailUrl":"https:\/\/www.santpol.edu.es\/wp-content\/uploads\/2023\/11\/4.jpg","datePublished":"2023-11-09T16:54:59+00:00","dateModified":"2023-11-09T16:55:00+00:00","inLanguage":"ca","potentialAction":[{"@type":"ReadAction","target":["https:\/\/www.santpol.edu.es\/ca\/8-sortides-professionals-mes-enlla-de-lhotel\/"]}]},{"@type":"ImageObject","inLanguage":"ca","@id":"https:\/\/www.santpol.edu.es\/ca\/8-sortides-professionals-mes-enlla-de-lhotel\/#primaryimage","url":"https:\/\/www.santpol.edu.es\/wp-content\/uploads\/2023\/11\/4.jpg","contentUrl":"https:\/\/www.santpol.edu.es\/wp-content\/uploads\/2023\/11\/4.jpg","width":1500,"height":1080},{"@type":"WebSite","@id":"https:\/\/www.santpol.edu.es\/#website","url":"https:\/\/www.santpol.edu.es\/","name":"EUHT StPOL","description":"Escuela Universitaria de Hoteler\u00eda y Turismo","publisher":{"@id":"https:\/\/www.santpol.edu.es\/#organization"},"potentialAction":[{"@type":"SearchAction","target":{"@type":"EntryPoint","urlTemplate":"https:\/\/www.santpol.edu.es\/?s={search_term_string}"},"query-input":{"@type":"PropertyValueSpecification","valueRequired":true,"valueName":"search_term_string"}}],"inLanguage":"ca"},{"@type":"Organization","@id":"https:\/\/www.santpol.edu.es\/#organization","name":"EUHT StPOL","url":"https:\/\/www.santpol.edu.es\/","logo":{"@type":"ImageObject","inLanguage":"ca","@id":"https:\/\/www.santpol.edu.es\/#\/schema\/logo\/image\/","url":"https:\/\/santpol.edu.es\/wp-content\/uploads\/2019\/09\/logoweb-santpol.jpg","contentUrl":"https:\/\/santpol.edu.es\/wp-content\/uploads\/2019\/09\/logoweb-santpol.jpg","width":324,"height":81,"caption":"EUHT StPOL"},"image":{"@id":"https:\/\/www.santpol.edu.es\/#\/schema\/logo\/image\/"},"sameAs":["https:\/\/www.facebook.com\/EUHTStPOL","https:\/\/x.com\/euhtstpol","https:\/\/www.instagram.com\/euhtstpol\/","https:\/\/www.linkedin.com\/school\/euhtstpol-barcelona\/mycompany\/","https:\/\/es.pinterest.com\/euhtstpol\/","https:\/\/www.youtube.com\/user\/EUHTStPOL1"]}]}},"_links":{"self":[{"href":"https:\/\/www.santpol.edu.es\/ca\/wp-json\/wp\/v2\/pages\/59795","targetHints":{"allow":["GET"]}}],"collection":[{"href":"https:\/\/www.santpol.edu.es\/ca\/wp-json\/wp\/v2\/pages"}],"about":[{"href":"https:\/\/www.santpol.edu.es\/ca\/wp-json\/wp\/v2\/types\/page"}],"author":[{"embeddable":true,"href":"https:\/\/www.santpol.edu.es\/ca\/wp-json\/wp\/v2\/users\/1"}],"replies":[{"embeddable":true,"href":"https:\/\/www.santpol.edu.es\/ca\/wp-json\/wp\/v2\/comments?post=59795"}],"version-history":[{"count":5,"href":"https:\/\/www.santpol.edu.es\/ca\/wp-json\/wp\/v2\/pages\/59795\/revisions"}],"predecessor-version":[{"id":59809,"href":"https:\/\/www.santpol.edu.es\/ca\/wp-json\/wp\/v2\/pages\/59795\/revisions\/59809"}],"wp:featuredmedia":[{"embeddable":true,"href":"https:\/\/www.santpol.edu.es\/ca\/wp-json\/wp\/v2\/media\/59768"}],"wp:attachment":[{"href":"https:\/\/www.santpol.edu.es\/ca\/wp-json\/wp\/v2\/media?parent=59795"}],"curies":[{"name":"wp","href":"https:\/\/api.w.org\/{rel}","templated":true}]}}